{"id":65,"date":"2023-10-27T15:14:52","date_gmt":"2023-10-27T18:14:52","guid":{"rendered":"http:\/\/www.narrativas.com.puc-rio.br\/?page_id=65"},"modified":"2024-03-15T12:29:35","modified_gmt":"2024-03-15T15:29:35","slug":"home","status":"publish","type":"page","link":"https:\/\/www.narrativas.com.puc-rio.br\/","title":{"rendered":"Home"},"content":{"rendered":"<p>[et_pb_section fb_built=&#8221;1&#8243; _builder_version=&#8221;4.22.2&#8243; _module_preset=&#8221;default&#8221; custom_margin=&#8221;0px||0px||false|false&#8221; custom_padding=&#8221;0px||0px||false|false&#8221; global_colors_info=&#8221;{}&#8221;][et_pb_row _builder_version=&#8221;4.22.2&#8243; _module_preset=&#8221;default&#8221; background_enable_mask_style=&#8221;on&#8221; background_mask_style=&#8221;triangles&#8221; custom_margin=&#8221;0px||0px||false|false&#8221; custom_padding=&#8221;20px||40px||false|false&#8221; global_colors_info=&#8221;{}&#8221;][et_pb_column type=&#8221;4_4&#8243; _builder_version=&#8221;4.22.2&#8243; _module_preset=&#8221;default&#8221; global_colors_info=&#8221;{}&#8221;][et_pb_slider show_arrows=&#8221;off&#8221; _builder_version=&#8221;4.22.2&#8243; _module_preset=&#8221;default&#8221; header_level=&#8221;h3&#8243; header_font=&#8221;|600||on|||||&#8221; body_font=&#8221;|300|||||||&#8221; body_font_size=&#8221;16px&#8221; body_letter_spacing=&#8221;1px&#8221; background_enable_mask_style=&#8221;on&#8221; background_mask_style=&#8221;corner-blob&#8221; background_mask_color=&#8221;#717bc6&#8243; background_mask_transform=&#8221;invert&#8221; background_mask_blend_mode=&#8221;multiply&#8221; custom_button=&#8221;on&#8221; button_text_size=&#8221;14px&#8221; button_border_width=&#8221;1px&#8221; text_orientation=&#8221;right&#8221; min_height=&#8221;600px&#8221; custom_margin=&#8221;0px|0px|0px|0px|false|false&#8221; custom_padding=&#8221;0px|0px|0px|0px|false|false&#8221; global_colors_info=&#8221;{}&#8221;][et_pb_slide heading=&#8221;Narrativas &#038; Consumo&#8221; button_text=&#8221;Saiba mais&#8221; button_link=&#8221;http:\/\/www.narrativas.com.puc-rio.br\/index.php\/sobre\/&#8221; _builder_version=&#8221;4.22.2&#8243; _module_preset=&#8221;default&#8221; header_level=&#8221;h3&#8243; header_font=&#8221;|600||on|||||&#8221; header_font_size=&#8221;22px&#8221; background_image=&#8221;http:\/\/www.narrativas.com.puc-rio.br\/wp-content\/uploads\/2023\/10\/sel-23-scaled.jpg&#8221; background_enable_image=&#8221;on&#8221; custom_padding=&#8221;100px|0px|0px|0px|false|false&#8221; link_option_url=&#8221;http:\/\/www.narrativas.com.puc-rio.br\/index.php\/sobre\/&#8221; global_colors_info=&#8221;{}&#8221; sticky_transition=&#8221;on&#8221;]<\/p>\n<p style=\"padding-left: 600px;\"><span>\u00c9 um centro de estudos te\u00f3ricos e pr\u00e1ticos em fic\u00e7\u00e3o audiovisual, espectatorialidades e consumo do Departamento de Comunica\u00e7\u00e3o da PUC-Rio. A iniciativa busca discutir pluralidade de textos audiovisuais da cultura midi\u00e1tica contempor\u00e2nea, bem como abrir espa\u00e7o para a formata\u00e7\u00e3o de produtos criativos e experimentais.<\/span><\/p>\n<p>[\/et_pb_slide][\/et_pb_slider][\/et_pb_column][\/et_pb_row][et_pb_row _builder_version=&#8221;4.22.2&#8243; _module_preset=&#8221;default&#8221; hover_enabled=&#8221;0&#8243; global_colors_info=&#8221;{}&#8221; custom_margin=&#8221;0px||0px||false|false&#8221; custom_padding=&#8221;20px||20px||false|false&#8221; sticky_enabled=&#8221;0&#8243;][et_pb_column type=&#8221;4_4&#8243; _builder_version=&#8221;4.22.2&#8243; _module_preset=&#8221;default&#8221; global_colors_info=&#8221;{}&#8221;][et_pb_text _builder_version=&#8221;4.22.2&#8243; _module_preset=&#8221;default&#8221; text_font=&#8221;|600||on|||||&#8221; text_text_color=&#8221;#717BC6&#8243; text_font_size=&#8221;26px&#8221; header_2_font_size=&#8221;27px&#8221; hover_enabled=&#8221;0&#8243; global_colors_info=&#8221;{}&#8221; sticky_enabled=&#8221;0&#8243;]<\/p>\n<p>videocast<\/p>\n<p>[\/et_pb_text][et_pb_blog fullwidth=&#8221;off&#8221; posts_number=&#8221;3&#8243; include_categories=&#8221;all&#8221; excerpt_length=&#8221;240&#8243; show_author=&#8221;off&#8221; show_categories=&#8221;off&#8221; _builder_version=&#8221;4.22.2&#8243; _module_preset=&#8221;default&#8221; header_level=&#8221;h4&#8243; header_font_size=&#8221;18px&#8221; body_font=&#8221;|300|||||||&#8221; body_font_size=&#8221;16px&#8221; meta_font=&#8221;|300|||||||&#8221; meta_font_size=&#8221;12px&#8221; text_orientation=&#8221;justified&#8221; custom_margin=&#8221;0px||0px||false|false&#8221; custom_padding=&#8221;0px||0px||false|false&#8221; hover_enabled=&#8221;0&#8243; border_color_all=&#8221;#717BC6&#8243; global_colors_info=&#8221;{}&#8221; header_text_align=&#8221;left&#8221; sticky_enabled=&#8221;0&#8243; border_width_all=&#8221;3px&#8221;][\/et_pb_blog][\/et_pb_column][\/et_pb_row][et_pb_row column_structure=&#8221;1_3,1_3,1_3&#8243; _builder_version=&#8221;4.22.2&#8243; _module_preset=&#8221;default&#8221; global_colors_info=&#8221;{}&#8221;][et_pb_column type=&#8221;1_3&#8243; _builder_version=&#8221;4.22.2&#8243; _module_preset=&#8221;default&#8221; global_colors_info=&#8221;{}&#8221;][et_pb_image src=&#8221;http:\/\/www.narrativas.com.puc-rio.br\/wp-content\/uploads\/2023\/11\/thumb-videocast.png&#8221; title_text=&#8221;thumb-videocast&#8221; url=&#8221;http:\/\/www.narrativas.com.puc-rio.br\/index.php\/videocast\/&#8221; _builder_version=&#8221;4.22.2&#8243; _module_preset=&#8221;default&#8221; global_colors_info=&#8221;{}&#8221;][\/et_pb_image][\/et_pb_column][et_pb_column type=&#8221;1_3&#8243; _builder_version=&#8221;4.22.2&#8243; _module_preset=&#8221;default&#8221; global_colors_info=&#8221;{}&#8221;][et_pb_image src=&#8221;http:\/\/www.narrativas.com.puc-rio.br\/wp-content\/uploads\/2023\/11\/thumb-pesquisas.png&#8221; title_text=&#8221;thumb-pesquisas&#8221; url=&#8221;http:\/\/www.narrativas.com.puc-rio.br\/index.php\/artigos\/&#8221; _builder_version=&#8221;4.22.2&#8243; _module_preset=&#8221;default&#8221; global_colors_info=&#8221;{}&#8221;][\/et_pb_image][\/et_pb_column][et_pb_column type=&#8221;1_3&#8243; _builder_version=&#8221;4.22.2&#8243; _module_preset=&#8221;default&#8221; global_colors_info=&#8221;{}&#8221;][et_pb_image src=&#8221;http:\/\/www.narrativas.com.puc-rio.br\/wp-content\/uploads\/2023\/11\/thumb-podcast.png&#8221; title_text=&#8221;thumb-podcast&#8221; url=&#8221;http:\/\/www.narrativas.com.puc-rio.br\/index.php\/podcast\/&#8221; _builder_version=&#8221;4.22.2&#8243; _module_preset=&#8221;default&#8221; global_colors_info=&#8221;{}&#8221;][\/et_pb_image][\/et_pb_column][\/et_pb_row][\/et_pb_section]<\/p>\n","protected":false},"excerpt":{"rendered":"<p>\u00c9 um centro de estudos te\u00f3ricos e pr\u00e1ticos em fic\u00e7\u00e3o audiovisual, espectatorialidades e consumo do Departamento de Comunica\u00e7\u00e3o da PUC-Rio. A iniciativa busca discutir pluralidade de textos audiovisuais da cultura midi\u00e1tica contempor\u00e2nea, bem como abrir espa\u00e7o para a formata\u00e7\u00e3o de produtos criativos e experimentais.videocast<\/p>\n","protected":false},"author":1,"featured_media":0,"parent":0,"menu_order":0,"comment_status":"closed","ping_status":"closed","template":"","meta":{"_et_pb_use_builder":"on","_et_pb_old_content":"","_et_gb_content_width":"","footnotes":""},"class_list":["post-65","page","type-page","status-publish","hentry"],"_links":{"self":[{"href":"https:\/\/www.narrativas.com.puc-rio.br\/index.php\/wp-json\/wp\/v2\/pages\/65","targetHints":{"allow":["GET"]}}],"collection":[{"href":"https:\/\/www.narrativas.com.puc-rio.br\/index.php\/wp-json\/wp\/v2\/pages"}],"about":[{"href":"https:\/\/www.narrativas.com.puc-rio.br\/index.php\/wp-json\/wp\/v2\/types\/page"}],"author":[{"embeddable":true,"href":"https:\/\/www.narrativas.com.puc-rio.br\/index.php\/wp-json\/wp\/v2\/users\/1"}],"replies":[{"embeddable":true,"href":"https:\/\/www.narrativas.com.puc-rio.br\/index.php\/wp-json\/wp\/v2\/comments?post=65"}],"version-history":[{"count":29,"href":"https:\/\/www.narrativas.com.puc-rio.br\/index.php\/wp-json\/wp\/v2\/pages\/65\/revisions"}],"predecessor-version":[{"id":269,"href":"https:\/\/www.narrativas.com.puc-rio.br\/index.php\/wp-json\/wp\/v2\/pages\/65\/revisions\/269"}],"wp:attachment":[{"href":"https:\/\/www.narrativas.com.puc-rio.br\/index.php\/wp-json\/wp\/v2\/media?parent=65"}],"curies":[{"name":"wp","href":"https:\/\/api.w.org\/{rel}","templated":true}]}}