{"id":475,"date":"2026-04-23T19:26:20","date_gmt":"2026-04-23T22:26:20","guid":{"rendered":"https:\/\/www.narrativas.com.puc-rio.br\/?page_id=475"},"modified":"2026-04-23T19:30:30","modified_gmt":"2026-04-23T22:30:30","slug":"trabalhos-academicos","status":"publish","type":"page","link":"https:\/\/www.narrativas.com.puc-rio.br\/index.php\/trabalhos-academicos\/","title":{"rendered":"Trabalhos Acad\u00eamicos"},"content":{"rendered":"<p>[et_pb_section fb_built=&#8221;1&#8243; _builder_version=&#8221;4.22.2&#8243; _module_preset=&#8221;default&#8221; custom_margin=&#8221;0px||0px||false|false&#8221; custom_padding=&#8221;0px||0px||false|false&#8221; global_colors_info=&#8221;{}&#8221;][et_pb_row _builder_version=&#8221;4.22.2&#8243; _module_preset=&#8221;default&#8221; custom_margin=&#8221;0px||0px||false|false&#8221; custom_padding=&#8221;30px||30px||false|false&#8221; global_colors_info=&#8221;{}&#8221;][et_pb_column type=&#8221;4_4&#8243; _builder_version=&#8221;4.22.2&#8243; _module_preset=&#8221;default&#8221; global_colors_info=&#8221;{}&#8221;][et_pb_text _builder_version=&#8221;4.22.2&#8243; _module_preset=&#8221;default&#8221; custom_margin=&#8221;0px||20px||false|false&#8221; custom_padding=&#8221;0px||0px||false|false&#8221; global_colors_info=&#8221;{}&#8221;]<\/p>\n<h3><strong>TRABALHOS REALIZADOS DA PESQUISA<\/strong><\/h3>\n<p>[\/et_pb_text][et_pb_text disabled_on=&#8221;off|off|off&#8221; _builder_version=&#8221;4.22.2&#8243; _module_preset=&#8221;default&#8221; header_3_text_color=&#8221;#717BC6&#8243; header_3_font_size=&#8221;18px&#8221; custom_margin=&#8221;0px||20px||false|false&#8221; custom_padding=&#8221;0px||0px||false|false&#8221; locked=&#8221;off&#8221; global_colors_info=&#8221;{}&#8221;]<\/p>\n<h3><strong>Mulheres no Audiovisual | Edital APQ1 &#8211; FAPERJ | Tatiana Siciliano<\/strong><\/h3>\n<p>[\/et_pb_text][et_pb_text _builder_version=&#8221;4.22.2&#8243; _module_preset=&#8221;default&#8221; hover_enabled=&#8221;0&#8243; global_colors_info=&#8221;{}&#8221; sticky_enabled=&#8221;0&#8243;]<\/p>\n<p>O projeto \u201cAs trabalhadoras do audiovisual fluminense: trajet\u00f3ria de mulheres por tr\u00e1s das c\u00e2meras na TV e no streaming\u201d, apoiado pela Funda\u00e7\u00e3o de Amparo \u00e0 Pesquisa do Estado do Rio de Janeiro (FAPERJ), despertou um grande interesse dentro da PUC-Rio entre estudantes de Comunica\u00e7\u00e3o; dentre os trabalhos derivados da pesquisa destacamos o <span data-subtree=\"aimfl\" data-processed=\"true\">artigo acad\u00eamico intitulado\u00a0<\/span><strong class=\"Yjhzub\" jsaction=\"\" jscontroller=\"zYmgkd\" data-sfc-root=\"c\" jsuid=\"FKz0qb_q\" data-sfc-cb=\"\" data-complete=\"true\" data-processed=\"true\">\u201cAgora voc\u00ea \u00e9 uma de n\u00f3s\u201d: Experi\u00eancias de Mulheres nos Bastidores do Audiovisual<\/strong>, escrito por Lucas Pe\u00e7anha Muniz sob orienta\u00e7\u00e3o de Tatiana Oliveira Siciliano (PUC-Rio) que foi premiado como melhor trabalho do Centro de Ci\u00eancias Sociais no Semin\u00e1rio de Inicia\u00e7\u00e3o Cient\u00edfica de 2025.<\/p>\n<div class=\"Y3BBE\" data-sfc-cp=\"\" jsaction=\"rcuQ6b:&amp;FKz0qb_r|npT2md\" jscontroller=\"zcfIf\" data-sfc-root=\"c\" jsuid=\"FKz0qb_r\" data-sfc-cb=\"\" data-hveid=\"CAEIAhAA\" data-complete=\"true\" data-processed=\"true\">O artigo do Lucas analisa a trajet\u00f3ria e os desafios de mulheres no mercado audiovisual brasileiro, com foco em quatro profissionais de destaque: as diretoras<span>\u00a0<\/span><strong class=\"Yjhzub\" jsaction=\"\" jscontroller=\"zYmgkd\" data-sfc-root=\"c\" jsuid=\"FKz0qb_s\" data-sfc-cb=\"\" data-complete=\"true\" data-processed=\"true\">Maria de M\u00e9dicis<\/strong><span>\u00a0<\/span>e<span>\u00a0<\/span><strong class=\"Yjhzub\" jsaction=\"\" jscontroller=\"zYmgkd\" data-sfc-root=\"c\" jsuid=\"FKz0qb_t\" data-sfc-cb=\"\" data-complete=\"true\" data-processed=\"true\">Ana Angel<\/strong>, e as roteiristas<span>\u00a0<\/span><strong class=\"Yjhzub\" jsaction=\"\" jscontroller=\"zYmgkd\" data-sfc-root=\"c\" jsuid=\"FKz0qb_u\" data-sfc-cb=\"\" data-complete=\"true\" data-processed=\"true\">Rosane Svartman<\/strong><span>\u00a0<\/span>e<span>\u00a0<\/span><strong class=\"Yjhzub\" jsaction=\"\" jscontroller=\"zYmgkd\" data-sfc-root=\"c\" jsuid=\"FKz0qb_v\" data-sfc-cb=\"\" data-complete=\"true\" data-processed=\"true\">Luciana Pessanha<\/strong><span>\u00a0<\/span>(pp. 1-2).<\/div>\n<div class=\"Fsg96\" data-sfc-cp=\"\" jsaction=\"rcuQ6b:&amp;FKz0qb_w|npT2md\" jscontroller=\"KHhJQ\" data-sfc-root=\"c\" jsuid=\"FKz0qb_w\" data-sfc-cb=\"\" data-complete=\"true\" data-processed=\"true\"><\/div>\n<div class=\"otQkpb\" aria-level=\"3\" role=\"heading\" data-animation-nesting=\"\" data-sfc-cp=\"\" jsaction=\"\" jscontroller=\"a7qCn\" data-sfc-root=\"c\" jsuid=\"FKz0qb_x\" data-sfc-cb=\"\" data-complete=\"true\" data-processed=\"true\" data-sae=\"\">Principais Pontos do artigo:<\/div>\n<ul class=\"KsbFXc U6u95\" jsaction=\"\" jscontroller=\"mPWODf\" data-sfc-root=\"c\" jsuid=\"FKz0qb_y\" data-sfc-cb=\"\" data-complete=\"true\" data-processed=\"true\">\n<li class=\"Z1qcYe\" data-sfc-cp=\"\" jsaction=\"\" jscontroller=\"oSLmPe\" data-sfc-root=\"c\" jsuid=\"FKz0qb_z\" data-sfc-cb=\"\" data-hveid=\"CAEIAxAA\" data-complete=\"true\" data-sae=\"\"><span class=\"T286Pc\" data-sfc-cp=\"\" jsaction=\"\" jscontroller=\"fly6D\" data-sfc-root=\"c\" jsuid=\"FKz0qb_10\" data-sfc-cb=\"\" data-complete=\"true\"><strong class=\"Yjhzub\" jsaction=\"\" jscontroller=\"zYmgkd\" data-sfc-root=\"c\" jsuid=\"FKz0qb_11\" data-sfc-cb=\"\" data-complete=\"true\">Desigualdade no Setor:<\/strong><span>\u00a0<\/span>O artigo utiliza dados da Ancine para demonstrar a baixa representatividade feminina, especialmente em \u00e1reas t\u00e9cnicas como a<span>\u00a0<\/span><strong class=\"Yjhzub\" jsaction=\"\" jscontroller=\"zYmgkd\" data-sfc-root=\"c\" jsuid=\"FKz0qb_12\" data-sfc-cb=\"\" data-complete=\"true\">dire\u00e7\u00e3o de fotografia<\/strong><span>\u00a0<\/span>(p. 3).<\/span><\/li>\n<li class=\"Z1qcYe\" data-sfc-cp=\"\" jsaction=\"\" jscontroller=\"oSLmPe\" data-sfc-root=\"c\" jsuid=\"FKz0qb_13\" data-sfc-cb=\"\" data-hveid=\"CAEIAxAB\" data-complete=\"true\" data-sae=\"\"><span class=\"T286Pc\" data-sfc-cp=\"\" jsaction=\"\" jscontroller=\"fly6D\" data-sfc-root=\"c\" jsuid=\"FKz0qb_14\" data-sfc-cb=\"\" data-complete=\"true\"><strong class=\"Yjhzub\" jsaction=\"\" jscontroller=\"zYmgkd\" data-sfc-root=\"c\" jsuid=\"FKz0qb_15\" data-sfc-cb=\"\" data-complete=\"true\">Ambiente de Trabalho:<\/strong><span>\u00a0<\/span>Discute o set de filmagem como um espa\u00e7o historicamente masculino e violento, onde muitas mulheres sentiam a necessidade de mimetizar comportamentos agressivos para conquistar respeito (pp. 12-13).<\/span><\/li>\n<li class=\"Z1qcYe\" data-sfc-cp=\"\" jsaction=\"\" jscontroller=\"oSLmPe\" data-sfc-root=\"c\" jsuid=\"FKz0qb_16\" data-sfc-cb=\"\" data-hveid=\"CAEIAxAC\" data-complete=\"true\" data-sae=\"\"><span class=\"T286Pc\" data-sfc-cp=\"\" jsaction=\"\" jscontroller=\"fly6D\" data-sfc-root=\"c\" jsuid=\"FKz0qb_17\" data-sfc-cb=\"\" data-complete=\"true\"><strong class=\"Yjhzub\" jsaction=\"\" jscontroller=\"zYmgkd\" data-sfc-root=\"c\" jsuid=\"FKz0qb_18\" data-sfc-cb=\"\" data-complete=\"true\">Interseccionalidade:<\/strong><span>\u00a0<\/span>Destaca a experi\u00eancia de Ana Angel, a entrevistada mais jovem e \u00fanica mulher negra do grupo, que traz uma perspectiva diferente sobre lideran\u00e7a e o receio de enfrentar estere\u00f3tipos raciais (pp. 13-14).<\/span><\/li>\n<li class=\"Z1qcYe\" data-sfc-cp=\"\" jsaction=\"\" jscontroller=\"oSLmPe\" data-sfc-root=\"c\" jsuid=\"FKz0qb_19\" data-sfc-cb=\"\" data-hveid=\"CAEIAxAD\" data-complete=\"true\" data-sae=\"\"><span class=\"T286Pc\" data-sfc-cp=\"\" jsaction=\"\" jscontroller=\"fly6D\" data-sfc-root=\"c\" jsuid=\"FKz0qb_1a\" data-sfc-cb=\"\" data-complete=\"true\" aria-owns=\"action-menu-parent-container\"><strong class=\"Yjhzub\" jsaction=\"\" jscontroller=\"zYmgkd\" data-sfc-root=\"c\" jsuid=\"FKz0qb_1b\" data-sfc-cb=\"\" data-complete=\"true\">Mudan\u00e7as Recentes:<\/strong><span>\u00a0<\/span>Aborda como a chegada do streaming e a implementa\u00e7\u00e3o de departamentos de<span>\u00a0<\/span><strong class=\"Yjhzub\" jsaction=\"\" jscontroller=\"zYmgkd\" data-sfc-root=\"c\" jsuid=\"FKz0qb_1c\" data-sfc-cb=\"\" data-complete=\"true\">compliance<\/strong><span>\u00a0<\/span>t\u00eam ajudado a transformar a cultura de ass\u00e9dio e agressividade no setor (pp. 14-15).<\/span><\/li>\n<\/ul>\n<blockquote>\n<p><a href=\"http:\/\/www.narrativas.com.puc-rio.br\/wp-content\/uploads\/2026\/04\/COM-Lucas_Muniz-1.pdf\" target=\"_blank\" rel=\"noopener\"><span class=\"T286Pc\" data-sfc-cp=\"\" jsaction=\"\" jscontroller=\"fly6D\" data-sfc-root=\"c\" jsuid=\"FKz0qb_1a\" data-sfc-cb=\"\" data-complete=\"true\" aria-owns=\"action-menu-parent-container\">Leia o artigo completo aqui!<\/span><\/a><\/p>\n<\/blockquote>\n<p>&nbsp;<\/p>\n<p>[\/et_pb_text][et_pb_text disabled_on=&#8221;off|off|off&#8221; _builder_version=&#8221;4.22.2&#8243; _module_preset=&#8221;default&#8221; header_3_text_color=&#8221;#717BC6&#8243; header_3_font_size=&#8221;18px&#8221; custom_margin=&#8221;0px||20px||false|false&#8221; custom_padding=&#8221;0px||0px||false|false&#8221; locked=&#8221;off&#8221; global_colors_info=&#8221;{}&#8221;]<\/p>\n<h3><strong>Premia\u00e7\u00e3o Lucas Pe\u00e7anha<\/strong><\/h3>\n<p>[\/et_pb_text][\/et_pb_column][\/et_pb_row][et_pb_row column_structure=&#8221;1_3,1_3,1_3&#8243; _builder_version=&#8221;4.22.2&#8243; _module_preset=&#8221;default&#8221; global_colors_info=&#8221;{}&#8221;][et_pb_column type=&#8221;1_3&#8243; _builder_version=&#8221;4.22.2&#8243; _module_preset=&#8221;default&#8221; global_colors_info=&#8221;{}&#8221;][\/et_pb_column][et_pb_column type=&#8221;1_3&#8243; _builder_version=&#8221;4.22.2&#8243; _module_preset=&#8221;default&#8221; global_colors_info=&#8221;{}&#8221;][et_pb_image src=&#8221;http:\/\/www.narrativas.com.puc-rio.br\/wp-content\/uploads\/2026\/04\/WhatsApp-Image-2026-04-22-at-20.48.59.jpeg&#8221; title_text=&#8221;WhatsApp Image 2026-04-22 at 20.48.59&#8243; _builder_version=&#8221;4.22.2&#8243; _module_preset=&#8221;default&#8221; global_colors_info=&#8221;{}&#8221;][\/et_pb_image][\/et_pb_column][et_pb_column type=&#8221;1_3&#8243; _builder_version=&#8221;4.22.2&#8243; _module_preset=&#8221;default&#8221; global_colors_info=&#8221;{}&#8221;][\/et_pb_column][\/et_pb_row][\/et_pb_section][et_pb_section fb_built=&#8221;1&#8243; _builder_version=&#8221;4.22.2&#8243; _module_preset=&#8221;default&#8221; global_colors_info=&#8221;{}&#8221;][et_pb_row _builder_version=&#8221;4.22.2&#8243; _module_preset=&#8221;default&#8221; global_colors_info=&#8221;{}&#8221;][et_pb_column type=&#8221;4_4&#8243; _builder_version=&#8221;4.22.2&#8243; _module_preset=&#8221;default&#8221; global_colors_info=&#8221;{}&#8221;][et_pb_video src=&#8221;http:\/\/www.narrativas.com.puc-rio.br\/wp-content\/uploads\/2026\/04\/WhatsApp-Video-2026-02-25-at-16.46.57.mp4&#8243; _builder_version=&#8221;4.22.2&#8243; _module_preset=&#8221;default&#8221; global_colors_info=&#8221;{}&#8221;][\/et_pb_video][\/et_pb_column][\/et_pb_row][\/et_pb_section]<\/p>\n","protected":false},"excerpt":{"rendered":"<p>TRABALHOS REALIZADOS DA PESQUISAMulheres no Audiovisual | Edital APQ1 &#8211; FAPERJ | Tatiana SicilianoO projeto \u201cAs trabalhadoras do audiovisual fluminense: trajet\u00f3ria de mulheres por tr\u00e1s das c\u00e2meras na TV e no streaming\u201d, apoiado pela Funda\u00e7\u00e3o de Amparo \u00e0 Pesquisa do Estado do Rio de Janeiro (FAPERJ), despertou um grande interesse dentro da PUC-Rio entre estudantes [&hellip;]<\/p>\n","protected":false},"author":1,"featured_media":0,"parent":0,"menu_order":0,"comment_status":"closed","ping_status":"closed","template":"","meta":{"_et_pb_use_builder":"on","_et_pb_old_content":"","_et_gb_content_width":"","footnotes":""},"class_list":["post-475","page","type-page","status-publish","hentry"],"_links":{"self":[{"href":"https:\/\/www.narrativas.com.puc-rio.br\/index.php\/wp-json\/wp\/v2\/pages\/475","targetHints":{"allow":["GET"]}}],"collection":[{"href":"https:\/\/www.narrativas.com.puc-rio.br\/index.php\/wp-json\/wp\/v2\/pages"}],"about":[{"href":"https:\/\/www.narrativas.com.puc-rio.br\/index.php\/wp-json\/wp\/v2\/types\/page"}],"author":[{"embeddable":true,"href":"https:\/\/www.narrativas.com.puc-rio.br\/index.php\/wp-json\/wp\/v2\/users\/1"}],"replies":[{"embeddable":true,"href":"https:\/\/www.narrativas.com.puc-rio.br\/index.php\/wp-json\/wp\/v2\/comments?post=475"}],"version-history":[{"count":5,"href":"https:\/\/www.narrativas.com.puc-rio.br\/index.php\/wp-json\/wp\/v2\/pages\/475\/revisions"}],"predecessor-version":[{"id":485,"href":"https:\/\/www.narrativas.com.puc-rio.br\/index.php\/wp-json\/wp\/v2\/pages\/475\/revisions\/485"}],"wp:attachment":[{"href":"https:\/\/www.narrativas.com.puc-rio.br\/index.php\/wp-json\/wp\/v2\/media?parent=475"}],"curies":[{"name":"wp","href":"https:\/\/api.w.org\/{rel}","templated":true}]}}